{"id":2,"date":"2017-01-17T09:39:48","date_gmt":"2017-01-17T09:39:48","guid":{"rendered":"http:\/\/wp.yassmo.de\/?page_id=2"},"modified":"2025-08-13T12:51:29","modified_gmt":"2025-08-13T12:51:29","slug":"sample-page","status":"publish","type":"page","link":"https:\/\/yassmo.de\/","title":{"rendered":"YASSMO&#8216;  News"},"content":{"rendered":"<div>\n<div>\n<div>\n<div>\n<div>\n<div>\n<div>\n<div>\n<div>\n<div>\n<div>\n<div>\n<p style=\"text-align: left;\"><strong>30 # New release is out now! \u2013<\/strong> <a href=\"https:\/\/music.apple.com\/de\/album\/hear-the-colours-single\/1831571434\"><strong>&#8222;Hear The Colours&#8220; <\/strong><\/a>by <strong>YASSMO&#8216; &amp; JOHANNES KUCHTA . <\/strong>Check out <strong><a href=\"https:\/\/music.apple.com\/de\/album\/hear-the-colours-single\/1831571434\">iTunes<\/a> and many other download portals<\/strong>.<\/p>\n<\/div>\n<p><!--more--><\/p>\n<\/div>\n<p><strong>29 # Exciting news! \u2013 <\/strong>Yassmo\u2018 wurde 4-fach mit dem<strong> \u201eDeutscher Rock-Pop-Preis 2024\u201c<\/strong> in den Kategorien <strong>\u201ebest soul singer\u201c, \u201ebest soul song\u201c, &#8222;best funk song&#8220;<\/strong> und <strong>&#8222;best funk album&#8220; <\/strong>ausgezeichnet! In 2024. Yassmo\u2018 was awarded the &#8222;<strong>German Rock and Pop Prize&#8220;<\/strong> 4 times in the categories <strong>&#8222;best soul singer\u201c, \u201ebest soul song\u201c, &#8222;best funk song&#8220;<\/strong> and <strong>&#8222;best funk album&#8220;<\/strong>!<\/p>\n<div>\n<p><!--more--><\/p>\n<\/div>\n<p><strong>28 # Exciting new release is coming up! \u2013<\/strong>\u00a0 A complete album named <strong>&#8222;JAZZPORTRAIT &#8211; Vol. II&#8220;<\/strong> of the latest Jazzportrait show &#8211; a talk show with and about music &#8211; at the lounge of the great Pantheon Theater in Bonn with the one and only jazz guitar player HANNO BUSCH as talk show guest together with the great drummer RICHARD M\u00dcNCHHOFF and myself. So proud, that we did it. Stay tuned!<\/p>\n<\/div>\n<div>\n<p><!--more--><\/p>\n<\/div>\n<p style=\"text-align: left;\"><strong>27 # New release is out now! \u2013<\/strong> <a href=\"https:\/\/music.apple.com\/de\/album\/bleib-noch-ein-wenig-feat-martin-z%C3%A4nder-dirk-schaadt\/1722230630\"><strong>&#8222;Bleib noch ein wenig&#8220; <\/strong><\/a>by <strong>YASSMO&#8216;. <\/strong>Check out <strong><a href=\"https:\/\/music.apple.com\/de\/album\/bleib-noch-ein-wenig-feat-martin-z%C3%A4nder-dirk-schaadt\/1722230630\">iTunes<\/a> and many other download portals<\/strong>.<\/p>\n<\/div>\n<div>\n<p><!--more--><\/p>\n<\/div>\n<p><strong>26 # New live video out now\u00a0 \u2013<\/strong> <a href=\"https:\/\/youtu.be\/CcmsnfmFgrg\"><strong>&#8222;Speaking to Ray&#8220; <\/strong><\/a>by <strong>YASSMO&#8216; &amp; The Soulfisticated People<\/strong>. Check out <a href=\"https:\/\/youtu.be\/CcmsnfmFgrg\">video<\/a>.<\/p>\n<\/div>\n<div>\n<p><!--more--><\/p>\n<\/div>\n<p><strong>25 # New Single out now\u00a0 \u2013<\/strong> <strong>&#8222;Mission Of Love&#8220; <\/strong>by the <strong>MANIC<\/strong><strong> PHONK ORCHESTRA <\/strong>featuring YASSMO&#8216; &amp; RICHARD M\u00dcNCHHOFF. Soon available on <strong><a href=\"https:\/\/music.apple.com\/de\/album\/mission-of-love-feat-yassmo-richard-muenchhoff-single\/1666208027\">iTunes<\/a> and many other download plattforms. <\/strong>Others songs will follow- so stay tuned.<\/p>\n<\/div>\n<div>\n<p><!--more--><\/p>\n<\/div>\n<div>\n<div><strong>24 # New Single coming is out\u00a0 \u2013<\/strong> <strong>&#8222;Mars&#8220;<\/strong> by YASSMO&#8216; &amp; OSCAR KLIEWE. Many thanks to amazing Oscar, who contacted me to produce this song together! Was a blast to do it with you. Check out on <strong><a href=\"https:\/\/music.apple.com\/de\/album\/mars-feat-richard-muenchhoff-g%C3%BCnter-asbeck-single\/1621089441\">iTunes<\/a> and many other download plattforms.<\/strong><\/div>\n<p><!--more--><\/p>\n<p><strong>23 # New Single is out\u00a0 \u2013<\/strong> <strong>&#8222;The Rise&#8220;<\/strong> by the <strong>MANIC<\/strong><strong> PHONK ORCHESTRA <\/strong>featuring YASSMO&#8216; &amp; RICHARD M\u00dcNCHHOFF. Check out on <strong>iTunes and many other download plattforms. <\/strong>We are very proud to present to you the live composing process of this song &#8211; check out the on youtube:\u00a0 <a href=\"https:\/\/youtu.be\/KVDjlXMLL6c\"><strong>&#8222;The Rise&#8220;<\/strong> by the <strong>MANIC<\/strong><strong> PHONK ORCHESTRA<\/strong><\/a> . Others songs will follow- so stay tuned.<strong><br \/>\n<\/strong><\/p>\n<\/div>\n<div><!--more--><\/div>\n<div>\n<div><\/div>\n<div><strong>22 # Great News: New Album is out \u2013<\/strong> <strong>&#8222;Speaking To Ray&#8220;<\/strong> with RAY WHITE &amp; ROBERT MARTIN from Frank Zappa Band &#8211; produced by WOLFRAM KLUG &amp; YASSMO&#8216; featuring wonderful musicians as BRUNO M\u00dcLLER, G\u00dcNTER ASBECK, OSCAR KLIEWE &amp; RICHARD M\u00dcNCHHOFF. Stay tuned<strong>.<\/strong><\/div>\n<\/div>\n<div>\n<div><!--more--><\/div>\n<\/div>\n<p><strong>21 # New EP is coming out soon \u2013<\/strong> <strong>&#8222;The Christmas Song&#8220;<\/strong> written by Mel Torm\u00e9 &amp; Robert Wells in new arrangement by <strong>MANIC<\/strong><strong> PHONK ORCHESTRA <\/strong>featuring YASSMO&#8216; &amp; RICHARD M\u00dcNCHHOFF. Check out on <strong>iTunes and many other download plattforms.<\/strong><\/p>\n<\/div>\n<div>\n<div><!--more--><\/div>\n<div><\/div>\n<div><strong>20 # New Album is coming out soon on 27.11.21 \u2013<\/strong> <strong>&#8222;How Deep Is The Phonk&#8220;<\/strong>\u00a0&#8211; YASSMO&#8216; featuring CHRISTOPH KRIEGER, DANH THAI, \u00a0EMANUEL STANLEY, IGOR LAZAREV, CHRISTIAN ALTEH\u00dcLSHORST, HARDY FISCH\u00d6TTER, G\u00dcNTER ASBECK, MAYA LISA, MIRKO VAN STIPHAUT. RICHARD M\u00dcNCHHOFF, BJ\u00d6RN FEDERSPIEL, VOLKER ZIMMER &amp; PAUL THIESSEN. Check out on <strong><a href=\"https:\/\/music.apple.com\/de\/album\/how-deep-is-the-phonk\/1593405370\">iTunes<\/a> and many other download plattforms.<\/strong><\/div>\n<\/div>\n<\/div>\n<div><!--more--><\/div>\n<div><strong><br \/>\n19 # New EP is out now \u2013<\/strong> <strong>&#8222;Impressions&#8220;<\/strong> (J. Coltrane) mit YASSMO&#8216; featuring MARTIN ADRIAN &amp; ANTONIO FUSCO. Check out on <strong><a href=\"https:\/\/music.apple.com\/de\/album\/impressions-feat-martin-adrian-antonio-fusco-single\/1572846005\">iTunes<\/a>.<\/strong><\/div>\n<div><\/div>\n<p><!--more--><\/p>\n<\/div>\n<div>\n<div><strong>18 # New EP is out now \u2013<\/strong> <strong>&#8222;More Than The Best Of Two Worlds&#8220;<\/strong>\u00a0 mit YASSMO&#8216;, RICHARD MUENCHHOFF featuring JOHANNES KUCHTA. Check out on <strong><a href=\"https:\/\/music.apple.com\/de\/album\/more-than-the-best-of-two-worlds-feat-johannes-kuchta-single\/1571313344\">iTunes<\/a>.<\/strong><\/div>\n<p><!--more--><\/p>\n<\/div>\n<\/div>\n<div><strong>17 # <\/strong>Neuer <strong><a href=\"http:\/\/yassmo.de\/?page_id=348\">Song<\/a><\/strong> und <strong><a href=\"https:\/\/youtu.be\/9dF6c2-89qo\">Video<\/a><\/strong> <strong>&#8222;PEACEMAKERS&#8220;<\/strong> ist raus in neuer Formation: <strong>MANIC<\/strong><\/div>\n<div><strong>\u00a0PHONK ORCHESTRA<\/strong> featuring YASSMO&#8216;, RICHARD MUENCHHOFF &amp; DANH THAI.<\/div>\n<p><!--more--><\/p>\n<\/div>\n<div><strong>16 # <\/strong>Leider mu\u00dfte coronabedingt das Jazzportrait am 09.05.20 &#8211; YASSMO&#8216; trifft HANNO BUSCH und HARDY FISCH\u00d6TTER ausfallen. Ein Ersatztermin folgt!<\/div>\n<div><\/div>\n<p><!--more--><\/p>\n<p><strong>15 # <\/strong>Nach dem wunderbaren Jazzportrait &#8211; Jazz &amp; Talk &#8211; YASSMO&#8216; trifft SIMON OSLENDER und HARDY FISCH\u00d6TTER &#8211; gibt es nun Ausz\u00fcge der Songs als Album <strong><a href=\"https:\/\/music.apple.com\/de\/album\/jazzportrait-vol-i-feat-simon-oslender-hardy-fisch%C3%B6tter\/1472598200\">jazzportrait :: Vol 1.<\/a> <\/strong>samt <strong><a href=\"https:\/\/www.youtube.com\/watch?v=1PiFP-AjONI\">Video<\/a><\/strong> !! Einen gro\u00dfen Dank an SIMON OSLENDER und HARDY FISCH\u00d6TTER f\u00fcr eure wunderbaren &#8222;tunes&#8220;!! Danke auch an das gro\u00dfartige Publikum f\u00fcr eure &#8222;good vibes&#8220; und den Kulturkreis Alfter e.V. f\u00fcr die Unterst\u00fctzung!! Enjoy!<\/p>\n<\/div>\n<p><!--more--><\/p>\n<p><!--more--><\/p>\n<p><!--more--><\/p>\n<p><!--more--><\/p>\n<p><!--more--><\/p>\n<div><\/div>\n<p><!--more--><\/p>\n<div><\/div>\n<div><strong>14 # <\/strong>Nachdem unsere neue EP &#8211; <strong><a href=\"https:\/\/itunes.apple.com\/de\/artist\/yassmo\/338432127\">soulminute<\/a> <\/strong>erschienen ist, nun das <strong><a href=\"https:\/\/youtu.be\/ev94CqNgSyQ\">Video<\/a><\/strong> zum Song!! What a blast to produce it!! Enjoy!<\/div>\n<p><!--more--><\/p>\n<div><\/div>\n<div><strong>13 #\u00a0<\/strong>Check out <strong><a href=\"https:\/\/youtu.be\/QEUmP2iDBm4\">new live video<\/a> @11. internat. Alfter j a z z n a c h t FESTIVAL<\/strong> mit <strong>&#8222;THE SOULFISTICATED PEOPLE&#8220;!<\/strong><\/div>\n<div><\/div>\n<div><\/div>\n<p><!--more--><\/p>\n<div><\/div>\n<div><!--more--><\/div>\n<div><\/div>\n<div><\/div>\n<div><strong>12 #<\/strong> Check out <a href=\"https:\/\/m.youtube.com\/watch?v=CE2u7wLr75c\"><strong>YASSMO\u2018<\/strong> <strong>@JazzrockTV<\/strong><\/a>! Herzlichen Dank an Georg Pilger und Ralf Schmitz f\u00fcr die gro\u00dfartige Gelegenheit bei JAM IN THE BASEMENT dabei zu sein<\/div>\n<div><\/div>\n<div><\/div>\n<div><\/div>\n<p><!--more--><\/p>\n<div><\/div>\n<div><strong>11 #<\/strong>\u00a0 YEAH! <strong>New EP is out now &#8211; soulminute!!!<\/strong> Check out on <a href=\"https:\/\/itunes.apple.com\/de\/artist\/yassmo\/338432127\"><strong>iTunes.<\/strong><\/a><\/div>\n<div><\/div>\n<p><!--more--><\/p>\n<div><\/div>\n<div><strong>10 #<\/strong>\u00a0 Neues <a href=\"https:\/\/youtu.be\/WpDS4RzbUws\">Video<\/a> der Studioversion meines Songs :: <strong><a href=\"https:\/\/youtu.be\/WpDS4RzbUws\">STAND UP<\/a><\/strong> :: mit ist raus!!<br \/>\nDie Gelegenheit f\u00fcr ein Riesendank dazu an Simon Kurtenbach und Manuel Sauer von Studio Tonbauh\u00fctte Cologne f\u00fcr das Hammer-Recording und die gro\u00dfartige Atmo (!!!!), an Bj\u00f6rn Federspiel (Trompete) f\u00fcr Dein Riesenengagement, Deine super Brassarrangements und Videoediting bei dieser Aufnahmesession (!!!!). Ein ganz besonderen Dank allen Musikern, wie Igor Lazarev (Git.), G\u00fcnter Asbeck (Bass), Paul Thiessen (Pos.), Volker Zimmer (Bari.-Sax) f\u00fcr eure fantastischen Tracks!! Ihr seid der Hammer (!!!!!). Schlie\u00dflich an Marcel Fromme f\u00fcr Deine sagenhaften Videos und Photos (!!!!!!). Danke euch allen &#8211; ohne euch w\u00e4r&#8217;s nicht gegangen<\/div>\n<div><\/div>\n<div><\/div>\n<p><!--more--><\/p>\n<div><strong>9 #<\/strong>\u00a0 Neues <a href=\"https:\/\/youtu.be\/o-oW8yzwsNg\">Video<\/a> vom Alfter <span class=\"xr_tl xr_s7\">Jazznacht <\/span> FESTIVAL 2017 mit :: <strong>YASSMO&#8216; &amp; the PHONK*DIGGERS<\/strong> :: ist raus.<\/div>\n<div><\/div>\n<p><!--more--><\/p>\n<div><\/div>\n<div><strong>8 #<\/strong>\u00a0 <a href=\"https:\/\/youtu.be\/bZxSRNYpI7U\">Video<\/a> neuer Song: <strong>It&#8217;s X-MAS time<\/strong>.<\/div>\n<div><\/div>\n<p><!--more--><\/p>\n<div><\/div>\n<div><strong>7 #\u00a0<\/strong> Neues PHONK Projekt :: <strong>YASSMO&#8216; &amp; the PHONK*DIGGERS<\/strong> :: in Sicht&#8230;. . Stay tuned&#8230;<\/div>\n<div><\/div>\n<p><!--more--><\/p>\n<div><\/div>\n<div><strong>6 #\u00a0<\/strong> <a href=\"https:\/\/youtu.be\/td9LPTWqiDE\">Video<\/a> vom Konzert in der SOL Kulturbar. Danke an alle die da waren &#8211; es war gro\u00dfartig mit euch!!<\/div>\n<div><\/div>\n<p><!--more--><\/p>\n<div><\/div>\n<div><strong>5 #<\/strong>\u00a0 <a href=\"https:\/\/youtu.be\/g28wu7cgPaU\">Video<\/a> vom <strong>IMPRO-Konzert im Zirkus Messajero<\/strong> in M\u00f6nchengladbach gemeinsam mit den gro\u00dfartigen Kollegen &#8211; dem Multiinstrumentalisten Ren\u00e9 P\u00fctz, dem Drummer Andy Pilger und dem Keyboarder J\u00fcrgen Dahmen! Was f\u00fcr ein Publikum &#8211; was f\u00fcr eine Session &#8211; &#8222;wunnebar&#8220;!<\/div>\n<div><\/div>\n<p><!--more--><\/p>\n<div><\/div>\n<div><strong>4 #\u00a0<\/strong> YASSMO&#8216; hat sich vergr\u00f6\u00dfert &#8211; zur Stammbesetzung mit YASSMO&#8216; (vocals, keys), EMANUEL STANLEY (bass), CHRISTOP KRIEGER (drums) und DANH THAI (sax, ewi) nun mit dabei Gitarrist IGOR LAZAREV.<\/div>\n<div><\/div>\n<div><\/div>\n<p><!--more--><\/p>\n<div><span class=\"xr_tl xr_s7\"><strong># 3<\/strong>\u00a0 A baby is born! Yassmo\u2019 hat ein <\/span> <span class=\"xr_tl xr_s7\">eigenes phonk &amp; soul Label gegr\u00fcndet <\/span> <span class=\"xr_tl xr_s7\"><a href=\"http:\/\/yassmotionrecords.com\">yassmo\u2019tion # records.<\/a> Unsere ersten <strong>CD-<\/strong><\/span><span class=\"xr_tl xr_s7\"><strong>Releases<\/strong> sind bereits erschienen: &#8222;<a href=\"http:\/\/yassmotionrecords.com\/releases\">stand up<\/a>&#8220; und\u00a0 &#8222;<a href=\"http:\/\/yassmotionrecords.com\/releases\">the soul of jazz<\/a>&#8220; &#8211; das aktuelle Live-Album vom Alfter Jazznacht FESTIVAL 2016, mit den gro\u00dfartigen Musikern Antonio Fusco, Igor Lazarev, Danh Thai und Daniel Hopf (Pimpy Panda).<\/span><\/div>\n<div><\/div>\n<p><!--more--><\/p>\n<div><\/div>\n<div class=\"xr_s7\"><span class=\"xr_tl xr_s7\"><strong>2 #<\/strong> Endlich ist es soweit!!!<\/span> <span class=\"xr_tl xr_s7\">Kaum ist unser nunmehr 3. Album <\/span> <span class=\"xr_tl xr_s7\"><strong>\u201clive # jazztube\u201d<\/strong>\u00a0ist raus!! &#8211; und <\/span> <span class=\"xr_tl xr_s7\">ist auszugsweise bei <a href=\"https:\/\/youtu.be\/GdeXqnbqUzg\">YOUTUBE<\/a>\u00a0zu <\/span> <span class=\"xr_tl xr_s7\">sehen, da ist schon das n\u00e4chste Live-Albumraus: Unter dem Titel <strong>&#8222;the soul of jazz&#8220;<\/strong> erschien nun der Live-Mitschnitt vom 9. Alfter Jazznacht FESTIVAL. <\/span><\/div>\n<div><\/div>\n<div class=\"xr_s7\"><\/div>\n<p><!--more--><\/p>\n<div class=\"xr_s7\"><span class=\"xr_tl xr_s7\"><strong>1 # Unsere Alben<\/strong> gibt\u2019s als CD direkt bei <\/span> <span class=\"xr_tl xr_s7\">uns \u00fcber <a href=\"mailto:cd-bestellung@yassmo.de\">cd-bestellung@yassmo.de<\/a>\u00a0oder <\/span> <span class=\"xr_tl xr_s7\">als download bei itunes, amazon und <\/span> <span class=\"xr_tl xr_s7\">anderen Portalen. Live k\u00f6nnt ihr <\/span> <span class=\"xr_tl xr_s7\">unser Album auf unseren aktuellen <\/span> <span class=\"xr_tl xr_s7\">Gigs h\u00f6ren. <\/span><\/div>\n<div class=\"xr_s7\"><\/div>\n<div class=\"xr_s7\"><span class=\"xr_tl xr_s7\">\u00a0<\/span><\/div>\n<div class=\"xr_s7\"><\/div>\n<div class=\"xr_s7\"><\/div>\n<div class=\"xr_s7\">\n<p>&nbsp;<\/p>\n<p>&nbsp;<\/p>\n<p>&nbsp;<\/p>\n<p>&nbsp;<\/p>\n<p>&nbsp;<\/p>\n<p>&nbsp;<\/p>\n<p>&nbsp;<\/p>\n<\/div>\n<div class=\"xr_s7\"><\/div>\n<div class=\"xr_s7\"><\/div>\n","protected":false},"excerpt":{"rendered":"<p>30 # New release is out now! \u2013 &#8222;Hear The Colours&#8220; by YASSMO&#8216; &amp; JOHANNES KUCHTA . Check out iTunes and many other download portals.<\/p>\n","protected":false},"author":1,"featured_media":0,"parent":0,"menu_order":0,"comment_status":"closed","ping_status":"open","template":"","meta":{"footnotes":""},"class_list":["post-2","page","type-page","status-publish","hentry"],"_links":{"self":[{"href":"https:\/\/yassmo.de\/index.php?rest_route=\/wp\/v2\/pages\/2","targetHints":{"allow":["GET"]}}],"collection":[{"href":"https:\/\/yassmo.de\/index.php?rest_route=\/wp\/v2\/pages"}],"about":[{"href":"https:\/\/yassmo.de\/index.php?rest_route=\/wp\/v2\/types\/page"}],"author":[{"embeddable":true,"href":"https:\/\/yassmo.de\/index.php?rest_route=\/wp\/v2\/users\/1"}],"replies":[{"embeddable":true,"href":"https:\/\/yassmo.de\/index.php?rest_route=%2Fwp%2Fv2%2Fcomments&post=2"}],"version-history":[{"count":114,"href":"https:\/\/yassmo.de\/index.php?rest_route=\/wp\/v2\/pages\/2\/revisions"}],"predecessor-version":[{"id":774,"href":"https:\/\/yassmo.de\/index.php?rest_route=\/wp\/v2\/pages\/2\/revisions\/774"}],"wp:attachment":[{"href":"https:\/\/yassmo.de\/index.php?rest_route=%2Fwp%2Fv2%2Fmedia&parent=2"}],"curies":[{"name":"wp","href":"https:\/\/api.w.org\/{rel}","templated":true}]}}